{"id":40,"date":"2025-04-23T15:24:04","date_gmt":"2025-04-23T13:24:04","guid":{"rendered":"https:\/\/baruchgroup.cl\/?page_id=40"},"modified":"2025-04-25T21:05:24","modified_gmt":"2025-04-25T19:05:24","slug":"blog","status":"publish","type":"page","link":"https:\/\/baruchgroup.cl\/?page_id=40","title":{"rendered":"Nuestros productos"},"content":{"rendered":"\n<p class=\"has-text-align-center\">En nuestra carnicer\u00eda, nos enorgullecemos de ofrecerte una extensa selecci\u00f3n de productos c\u00e1rnicos de la m\u00e1s alta calidad. Desde cortes selectos de pollo fresco y jugoso, hasta una gran variedad de opciones de cerdo, cada pieza es cuidadosamente elegida para garantizar un sabor excepcional en tus comidas. \u00bfBuscas algo en particular? \u00bfTienes alguna pregunta sobre nuestros productos o deseas realizar un pedido? No dudes en contactarnos a trav\u00e9s de WhatsApp<\/p>\n\n\n\n<div class=\"wp-block-buttons is-content-justification-center is-layout-flex wp-container-core-buttons-is-layout-a89b3969 wp-block-buttons-is-layout-flex\">\n<div class=\"wp-block-button\"><a class=\"wp-block-button__link has-text-align-center wp-element-button\" href=\"https:\/\/wa.link\/yzopi3\">CONTACTAR CON EJECUTIVO<\/a><\/div>\n<\/div>\n\n\n\n<div class=\"wp-block-columns is-layout-flex wp-container-core-columns-is-layout-28f84493 wp-block-columns-is-layout-flex\">\n<div class=\"wp-block-column is-vertically-aligned-center is-layout-flow wp-block-column-is-layout-flow\">\n<h2 class=\"wp-block-heading has-text-align-center\"><em>CERDO<\/em><\/h2>\n<\/div>\n\n\n\n<div class=\"wp-block-column is-layout-flow wp-block-column-is-layout-flow\">\n<figure class=\"wp-block-image size-large\"><img fetchpriority=\"high\" decoding=\"async\" width=\"1024\" height=\"634\" src=\"https:\/\/baruchgroup.cl\/wp-content\/uploads\/2025\/04\/cerdo2-1024x634.jpg\" alt=\"\" class=\"wp-image-165\" srcset=\"https:\/\/baruchgroup.cl\/wp-content\/uploads\/2025\/04\/cerdo2-1024x634.jpg 1024w, https:\/\/baruchgroup.cl\/wp-content\/uploads\/2025\/04\/cerdo2-300x186.jpg 300w, https:\/\/baruchgroup.cl\/wp-content\/uploads\/2025\/04\/cerdo2-768x475.jpg 768w, https:\/\/baruchgroup.cl\/wp-content\/uploads\/2025\/04\/cerdo2-1536x950.jpg 1536w, https:\/\/baruchgroup.cl\/wp-content\/uploads\/2025\/04\/cerdo2.jpg 1584w\" sizes=\"(max-width: 1024px) 100vw, 1024px\" \/><\/figure>\n<\/div>\n<\/div>\n\n\n\n<blockquote class=\"wp-block-quote is-layout-flow wp-block-quote-is-layout-flow\">\n<p class=\"has-text-align-center\">Descubre la excelencia en cada corte con nuestra carne de cerdo de calidad superior, avalada por est\u00e1ndares internacionales. Su sabor inigualable y frescura garantizada har\u00e1n de tus preparaciones un deleite culinario de nivel mundial.<\/p>\n<\/blockquote>\n\n\n\n<div class=\"wp-block-columns is-layout-flex wp-container-core-columns-is-layout-28f84493 wp-block-columns-is-layout-flex\">\n<div class=\"wp-block-column is-layout-flow wp-block-column-is-layout-flow\">\n<figure class=\"wp-block-image size-large\"><img decoding=\"async\" width=\"768\" height=\"1024\" src=\"https:\/\/baruchgroup.cl\/wp-content\/uploads\/2025\/04\/WhatsApp-Image-2025-04-02-at-9.58.32-PM-4-768x1024.jpeg\" alt=\"\" class=\"wp-image-143\" srcset=\"https:\/\/baruchgroup.cl\/wp-content\/uploads\/2025\/04\/WhatsApp-Image-2025-04-02-at-9.58.32-PM-4-768x1024.jpeg 768w, https:\/\/baruchgroup.cl\/wp-content\/uploads\/2025\/04\/WhatsApp-Image-2025-04-02-at-9.58.32-PM-4-225x300.jpeg 225w, https:\/\/baruchgroup.cl\/wp-content\/uploads\/2025\/04\/WhatsApp-Image-2025-04-02-at-9.58.32-PM-4-1152x1536.jpeg 1152w, https:\/\/baruchgroup.cl\/wp-content\/uploads\/2025\/04\/WhatsApp-Image-2025-04-02-at-9.58.32-PM-4.jpeg 1200w\" sizes=\"(max-width: 768px) 100vw, 768px\" \/><figcaption class=\"wp-element-caption\"><strong>Cerdo en vara<\/strong><br> pesos variable<\/figcaption><\/figure>\n<\/div>\n\n\n\n<div class=\"wp-block-column is-layout-flow wp-block-column-is-layout-flow\">\n<figure class=\"wp-block-image size-large\"><img decoding=\"async\" width=\"768\" height=\"1024\" src=\"https:\/\/baruchgroup.cl\/wp-content\/uploads\/2025\/04\/WhatsApp-Image-2025-04-02-at-9.56.17-PM-1-768x1024.jpeg\" alt=\"\" class=\"wp-image-153\" srcset=\"https:\/\/baruchgroup.cl\/wp-content\/uploads\/2025\/04\/WhatsApp-Image-2025-04-02-at-9.56.17-PM-1-768x1024.jpeg 768w, https:\/\/baruchgroup.cl\/wp-content\/uploads\/2025\/04\/WhatsApp-Image-2025-04-02-at-9.56.17-PM-1-225x300.jpeg 225w, https:\/\/baruchgroup.cl\/wp-content\/uploads\/2025\/04\/WhatsApp-Image-2025-04-02-at-9.56.17-PM-1-1152x1536.jpeg 1152w, https:\/\/baruchgroup.cl\/wp-content\/uploads\/2025\/04\/WhatsApp-Image-2025-04-02-at-9.56.17-PM-1.jpeg 1200w\" sizes=\"(max-width: 768px) 100vw, 768px\" \/><figcaption class=\"wp-element-caption\"><strong>Chuleta centro<\/strong><br>Peso variable<br>Congelado<\/figcaption><\/figure>\n<\/div>\n\n\n\n<div class=\"wp-block-column is-layout-flow wp-block-column-is-layout-flow\">\n<figure class=\"wp-block-image size-large\"><img loading=\"lazy\" decoding=\"async\" width=\"768\" height=\"1024\" src=\"https:\/\/baruchgroup.cl\/wp-content\/uploads\/2025\/04\/WhatsApp-Image-2025-04-12-at-11.23.16-AM-2-768x1024.jpeg\" alt=\"\" class=\"wp-image-145\" srcset=\"https:\/\/baruchgroup.cl\/wp-content\/uploads\/2025\/04\/WhatsApp-Image-2025-04-12-at-11.23.16-AM-2-768x1024.jpeg 768w, https:\/\/baruchgroup.cl\/wp-content\/uploads\/2025\/04\/WhatsApp-Image-2025-04-12-at-11.23.16-AM-2-225x300.jpeg 225w, https:\/\/baruchgroup.cl\/wp-content\/uploads\/2025\/04\/WhatsApp-Image-2025-04-12-at-11.23.16-AM-2-1152x1536.jpeg 1152w, https:\/\/baruchgroup.cl\/wp-content\/uploads\/2025\/04\/WhatsApp-Image-2025-04-12-at-11.23.16-AM-2.jpeg 1200w\" sizes=\"(max-width: 768px) 100vw, 768px\" \/><figcaption class=\"wp-element-caption\"><strong>Panceta fresca<\/strong><br>Peso variado<br>Congelado<\/figcaption><\/figure>\n<\/div>\n<\/div>\n\n\n\n<div class=\"wp-block-columns is-layout-flex wp-container-core-columns-is-layout-28f84493 wp-block-columns-is-layout-flex\">\n<div class=\"wp-block-column is-layout-flow wp-block-column-is-layout-flow\">\n<figure class=\"wp-block-image size-large\"><img loading=\"lazy\" decoding=\"async\" width=\"768\" height=\"1024\" src=\"https:\/\/baruchgroup.cl\/wp-content\/uploads\/2025\/04\/WhatsApp-Image-2025-04-02-at-10.03.20-PM-3-768x1024.jpeg\" alt=\"\" class=\"wp-image-146\" srcset=\"https:\/\/baruchgroup.cl\/wp-content\/uploads\/2025\/04\/WhatsApp-Image-2025-04-02-at-10.03.20-PM-3-768x1024.jpeg 768w, https:\/\/baruchgroup.cl\/wp-content\/uploads\/2025\/04\/WhatsApp-Image-2025-04-02-at-10.03.20-PM-3-225x300.jpeg 225w, https:\/\/baruchgroup.cl\/wp-content\/uploads\/2025\/04\/WhatsApp-Image-2025-04-02-at-10.03.20-PM-3-1152x1536.jpeg 1152w, https:\/\/baruchgroup.cl\/wp-content\/uploads\/2025\/04\/WhatsApp-Image-2025-04-02-at-10.03.20-PM-3.jpeg 1200w\" sizes=\"(max-width: 768px) 100vw, 768px\" \/><figcaption class=\"wp-element-caption\"><strong>Costillar repasado<\/strong><br>Peso variado<br>Marca SADIA<\/figcaption><\/figure>\n<\/div>\n\n\n\n<div class=\"wp-block-column is-layout-flow wp-block-column-is-layout-flow\">\n<figure class=\"wp-block-image size-large\"><img loading=\"lazy\" decoding=\"async\" width=\"768\" height=\"1024\" src=\"https:\/\/baruchgroup.cl\/wp-content\/uploads\/2025\/04\/WhatsApp-Image-2025-04-02-at-10.04.49-PM-5-768x1024.jpeg\" alt=\"\" class=\"wp-image-147\" srcset=\"https:\/\/baruchgroup.cl\/wp-content\/uploads\/2025\/04\/WhatsApp-Image-2025-04-02-at-10.04.49-PM-5-768x1024.jpeg 768w, https:\/\/baruchgroup.cl\/wp-content\/uploads\/2025\/04\/WhatsApp-Image-2025-04-02-at-10.04.49-PM-5-225x300.jpeg 225w, https:\/\/baruchgroup.cl\/wp-content\/uploads\/2025\/04\/WhatsApp-Image-2025-04-02-at-10.04.49-PM-5-1152x1536.jpeg 1152w, https:\/\/baruchgroup.cl\/wp-content\/uploads\/2025\/04\/WhatsApp-Image-2025-04-02-at-10.04.49-PM-5.jpeg 1200w\" sizes=\"(max-width: 768px) 100vw, 768px\" \/><figcaption class=\"wp-element-caption\"><strong>Costillar americano hembra<\/strong><br>Peso variable<br>Baby back ribs<\/figcaption><\/figure>\n<\/div>\n\n\n\n<div class=\"wp-block-column is-layout-flow wp-block-column-is-layout-flow\">\n<figure class=\"wp-block-image size-large\"><img loading=\"lazy\" decoding=\"async\" width=\"768\" height=\"1024\" src=\"https:\/\/baruchgroup.cl\/wp-content\/uploads\/2025\/04\/WhatsApp-Image-2025-04-12-at-11.50.05-AM-3-768x1024.jpeg\" alt=\"\" class=\"wp-image-148\" srcset=\"https:\/\/baruchgroup.cl\/wp-content\/uploads\/2025\/04\/WhatsApp-Image-2025-04-12-at-11.50.05-AM-3-768x1024.jpeg 768w, https:\/\/baruchgroup.cl\/wp-content\/uploads\/2025\/04\/WhatsApp-Image-2025-04-12-at-11.50.05-AM-3-225x300.jpeg 225w, https:\/\/baruchgroup.cl\/wp-content\/uploads\/2025\/04\/WhatsApp-Image-2025-04-12-at-11.50.05-AM-3-1152x1536.jpeg 1152w, https:\/\/baruchgroup.cl\/wp-content\/uploads\/2025\/04\/WhatsApp-Image-2025-04-12-at-11.50.05-AM-3.jpeg 1200w\" sizes=\"(max-width: 768px) 100vw, 768px\" \/><figcaption class=\"wp-element-caption\"><strong>Chuleta centro ecofrigo<\/strong><br>Caja peso variable<br>Congelado<\/figcaption><\/figure>\n<\/div>\n<\/div>\n\n\n\n<div class=\"wp-block-columns is-layout-flex wp-container-core-columns-is-layout-28f84493 wp-block-columns-is-layout-flex\">\n<div class=\"wp-block-column is-layout-flow wp-block-column-is-layout-flow\">\n<figure class=\"wp-block-image size-large\"><img loading=\"lazy\" decoding=\"async\" width=\"768\" height=\"1024\" src=\"https:\/\/baruchgroup.cl\/wp-content\/uploads\/2025\/04\/WhatsApp-Image-2025-04-02-at-10.03.58-PM-8-768x1024.jpeg\" alt=\"\" class=\"wp-image-149\" srcset=\"https:\/\/baruchgroup.cl\/wp-content\/uploads\/2025\/04\/WhatsApp-Image-2025-04-02-at-10.03.58-PM-8-768x1024.jpeg 768w, https:\/\/baruchgroup.cl\/wp-content\/uploads\/2025\/04\/WhatsApp-Image-2025-04-02-at-10.03.58-PM-8-225x300.jpeg 225w, https:\/\/baruchgroup.cl\/wp-content\/uploads\/2025\/04\/WhatsApp-Image-2025-04-02-at-10.03.58-PM-8-1152x1536.jpeg 1152w, https:\/\/baruchgroup.cl\/wp-content\/uploads\/2025\/04\/WhatsApp-Image-2025-04-02-at-10.03.58-PM-8.jpeg 1200w\" sizes=\"(max-width: 768px) 100vw, 768px\" \/><figcaption class=\"wp-element-caption\"><strong>Chuleta Parrillera<\/strong><br>Peso variable<br>Congelado<\/figcaption><\/figure>\n<\/div>\n\n\n\n<div class=\"wp-block-column is-layout-flow wp-block-column-is-layout-flow\"><\/div>\n\n\n\n<div class=\"wp-block-column is-layout-flow wp-block-column-is-layout-flow\"><\/div>\n<\/div>\n\n\n\n<div class=\"wp-block-columns is-layout-flex wp-container-core-columns-is-layout-28f84493 wp-block-columns-is-layout-flex\">\n<div class=\"wp-block-column is-vertically-aligned-center is-layout-flow wp-block-column-is-layout-flow\">\n<h2 class=\"wp-block-heading has-text-align-center\"><em><strong>POLLO<\/strong><\/em><\/h2>\n<\/div>\n\n\n\n<div class=\"wp-block-column is-layout-flow wp-block-column-is-layout-flow\">\n<figure class=\"wp-block-image size-full is-resized\"><img loading=\"lazy\" decoding=\"async\" width=\"980\" height=\"980\" src=\"https:\/\/baruchgroup.cl\/wp-content\/uploads\/2025\/04\/kjashd.jpg\" alt=\"\" class=\"wp-image-168\" style=\"width:355px;height:auto\" srcset=\"https:\/\/baruchgroup.cl\/wp-content\/uploads\/2025\/04\/kjashd.jpg 980w, https:\/\/baruchgroup.cl\/wp-content\/uploads\/2025\/04\/kjashd-300x300.jpg 300w, https:\/\/baruchgroup.cl\/wp-content\/uploads\/2025\/04\/kjashd-150x150.jpg 150w, https:\/\/baruchgroup.cl\/wp-content\/uploads\/2025\/04\/kjashd-768x768.jpg 768w\" sizes=\"(max-width: 980px) 100vw, 980px\" \/><\/figure>\n<\/div>\n<\/div>\n\n\n\n<blockquote class=\"wp-block-quote is-layout-flow wp-block-quote-is-layout-flow\">\n<p class=\"has-text-align-center\">Experimenta un sabor de clase mundial con nuestra carne de pollo de calidad superior. Seleccionada bajo rigurosos est\u00e1ndares internacionales, cada pieza ofrece una frescura y un sabor excepcionales que har\u00e1n de tus comidas una experiencia \u00fanica.<\/p>\n<\/blockquote>\n\n\n\n<div class=\"wp-block-columns is-layout-flex wp-container-core-columns-is-layout-28f84493 wp-block-columns-is-layout-flex\">\n<div class=\"wp-block-column is-layout-flow wp-block-column-is-layout-flow\">\n<figure class=\"wp-block-image size-large\"><img loading=\"lazy\" decoding=\"async\" width=\"768\" height=\"1024\" src=\"https:\/\/baruchgroup.cl\/wp-content\/uploads\/2025\/04\/WhatsApp-Image-2025-04-02-at-9.57.31-PM-2-768x1024.jpeg\" alt=\"\" class=\"wp-image-154\" srcset=\"https:\/\/baruchgroup.cl\/wp-content\/uploads\/2025\/04\/WhatsApp-Image-2025-04-02-at-9.57.31-PM-2-768x1024.jpeg 768w, https:\/\/baruchgroup.cl\/wp-content\/uploads\/2025\/04\/WhatsApp-Image-2025-04-02-at-9.57.31-PM-2-225x300.jpeg 225w, https:\/\/baruchgroup.cl\/wp-content\/uploads\/2025\/04\/WhatsApp-Image-2025-04-02-at-9.57.31-PM-2-1152x1536.jpeg 1152w, https:\/\/baruchgroup.cl\/wp-content\/uploads\/2025\/04\/WhatsApp-Image-2025-04-02-at-9.57.31-PM-2.jpeg 1200w\" sizes=\"(max-width: 768px) 100vw, 768px\" \/><figcaption class=\"wp-element-caption\"><strong>Truto entero<\/strong><br>Peso caja de 15kg<br>Congelado<\/figcaption><\/figure>\n<\/div>\n\n\n\n<div class=\"wp-block-column is-layout-flow wp-block-column-is-layout-flow\">\n<figure class=\"wp-block-image size-large\"><img loading=\"lazy\" decoding=\"async\" width=\"768\" height=\"1024\" src=\"https:\/\/baruchgroup.cl\/wp-content\/uploads\/2025\/04\/WhatsApp-Image-2025-04-12-at-11.43.30-AM-1-1-768x1024.jpeg\" alt=\"\" class=\"wp-image-155\" srcset=\"https:\/\/baruchgroup.cl\/wp-content\/uploads\/2025\/04\/WhatsApp-Image-2025-04-12-at-11.43.30-AM-1-1-768x1024.jpeg 768w, https:\/\/baruchgroup.cl\/wp-content\/uploads\/2025\/04\/WhatsApp-Image-2025-04-12-at-11.43.30-AM-1-1-225x300.jpeg 225w, https:\/\/baruchgroup.cl\/wp-content\/uploads\/2025\/04\/WhatsApp-Image-2025-04-12-at-11.43.30-AM-1-1-1152x1536.jpeg 1152w, https:\/\/baruchgroup.cl\/wp-content\/uploads\/2025\/04\/WhatsApp-Image-2025-04-12-at-11.43.30-AM-1-1.jpeg 1200w\" sizes=\"(max-width: 768px) 100vw, 768px\" \/><figcaption class=\"wp-element-caption\"><strong>Pechuga con hueso Copacol<\/strong><br>Peso caja de 15Kg<br>Congelada<\/figcaption><\/figure>\n<\/div>\n\n\n\n<div class=\"wp-block-column is-layout-flow wp-block-column-is-layout-flow\">\n<figure class=\"wp-block-image size-large\"><img loading=\"lazy\" decoding=\"async\" width=\"768\" height=\"1024\" src=\"https:\/\/baruchgroup.cl\/wp-content\/uploads\/2025\/04\/WhatsApp-Image-2025-04-02-at-10.02.59-PM-1-768x1024.jpeg\" alt=\"\" class=\"wp-image-156\" srcset=\"https:\/\/baruchgroup.cl\/wp-content\/uploads\/2025\/04\/WhatsApp-Image-2025-04-02-at-10.02.59-PM-1-768x1024.jpeg 768w, https:\/\/baruchgroup.cl\/wp-content\/uploads\/2025\/04\/WhatsApp-Image-2025-04-02-at-10.02.59-PM-1-225x300.jpeg 225w, https:\/\/baruchgroup.cl\/wp-content\/uploads\/2025\/04\/WhatsApp-Image-2025-04-02-at-10.02.59-PM-1-1152x1536.jpeg 1152w, https:\/\/baruchgroup.cl\/wp-content\/uploads\/2025\/04\/WhatsApp-Image-2025-04-02-at-10.02.59-PM-1.jpeg 1200w\" sizes=\"(max-width: 768px) 100vw, 768px\" \/><figcaption class=\"wp-element-caption\"><strong>Pechuga de pollo deshuesada<\/strong><br>Marca Lar<br>Peso 15kg<br>Congelado<\/figcaption><\/figure>\n<\/div>\n<\/div>\n\n\n\n<div class=\"wp-block-columns is-layout-flex wp-container-core-columns-is-layout-28f84493 wp-block-columns-is-layout-flex\">\n<div class=\"wp-block-column is-layout-flow wp-block-column-is-layout-flow\">\n<figure class=\"wp-block-image size-large\"><img loading=\"lazy\" decoding=\"async\" width=\"768\" height=\"1024\" src=\"https:\/\/baruchgroup.cl\/wp-content\/uploads\/2025\/04\/WhatsApp-Image-2025-04-02-at-9.57.53-PM-2-768x1024.jpeg\" alt=\"\" class=\"wp-image-157\" srcset=\"https:\/\/baruchgroup.cl\/wp-content\/uploads\/2025\/04\/WhatsApp-Image-2025-04-02-at-9.57.53-PM-2-768x1024.jpeg 768w, https:\/\/baruchgroup.cl\/wp-content\/uploads\/2025\/04\/WhatsApp-Image-2025-04-02-at-9.57.53-PM-2-225x300.jpeg 225w, https:\/\/baruchgroup.cl\/wp-content\/uploads\/2025\/04\/WhatsApp-Image-2025-04-02-at-9.57.53-PM-2-1152x1536.jpeg 1152w, https:\/\/baruchgroup.cl\/wp-content\/uploads\/2025\/04\/WhatsApp-Image-2025-04-02-at-9.57.53-PM-2.jpeg 1200w\" sizes=\"(max-width: 768px) 100vw, 768px\" \/><figcaption class=\"wp-element-caption\"><strong>Pechuga de pollo deshuesada<\/strong><br>Marca Perdix<br>Peso 15Kg<br>Congelado<\/figcaption><\/figure>\n<\/div>\n\n\n\n<div class=\"wp-block-column is-layout-flow wp-block-column-is-layout-flow\">\n<figure class=\"wp-block-image size-large\"><img loading=\"lazy\" decoding=\"async\" width=\"768\" height=\"1024\" src=\"https:\/\/baruchgroup.cl\/wp-content\/uploads\/2025\/04\/WhatsApp-Image-2025-04-02-at-9.56.57-PM-3-768x1024.jpeg\" alt=\"\" class=\"wp-image-158\" srcset=\"https:\/\/baruchgroup.cl\/wp-content\/uploads\/2025\/04\/WhatsApp-Image-2025-04-02-at-9.56.57-PM-3-768x1024.jpeg 768w, https:\/\/baruchgroup.cl\/wp-content\/uploads\/2025\/04\/WhatsApp-Image-2025-04-02-at-9.56.57-PM-3-225x300.jpeg 225w, https:\/\/baruchgroup.cl\/wp-content\/uploads\/2025\/04\/WhatsApp-Image-2025-04-02-at-9.56.57-PM-3-1152x1536.jpeg 1152w, https:\/\/baruchgroup.cl\/wp-content\/uploads\/2025\/04\/WhatsApp-Image-2025-04-02-at-9.56.57-PM-3.jpeg 1200w\" sizes=\"(max-width: 768px) 100vw, 768px\" \/><figcaption class=\"wp-element-caption\"><strong>Truto entero Seara<\/strong><br>Peso caja de 15kg<br>Congelado<\/figcaption><\/figure>\n<\/div>\n\n\n\n<div class=\"wp-block-column is-layout-flow wp-block-column-is-layout-flow\"><\/div>\n<\/div>\n","protected":false},"excerpt":{"rendered":"<p>En nuestra carnicer\u00eda, nos enorgullecemos de ofrecerte una extensa selecci\u00f3n de productos c\u00e1rnicos de la m\u00e1s alta calidad. Desde cortes selectos de pollo fresco y jugoso, hasta una gran variedad de opciones de cerdo, cada pieza es cuidadosamente elegida para garantizar un sabor excepcional en tus comidas. \u00bfBuscas algo en particular? \u00bfTienes alguna pregunta sobre [&hellip;]<\/p>\n","protected":false},"author":1,"featured_media":46,"parent":0,"menu_order":0,"comment_status":"closed","ping_status":"closed","template":"","meta":{"footnotes":""},"class_list":["post-40","page","type-page","status-publish","has-post-thumbnail","hentry"],"_links":{"self":[{"href":"https:\/\/baruchgroup.cl\/index.php?rest_route=\/wp\/v2\/pages\/40","targetHints":{"allow":["GET"]}}],"collection":[{"href":"https:\/\/baruchgroup.cl\/index.php?rest_route=\/wp\/v2\/pages"}],"about":[{"href":"https:\/\/baruchgroup.cl\/index.php?rest_route=\/wp\/v2\/types\/page"}],"author":[{"embeddable":true,"href":"https:\/\/baruchgroup.cl\/index.php?rest_route=\/wp\/v2\/users\/1"}],"replies":[{"embeddable":true,"href":"https:\/\/baruchgroup.cl\/index.php?rest_route=%2Fwp%2Fv2%2Fcomments&post=40"}],"version-history":[{"count":5,"href":"https:\/\/baruchgroup.cl\/index.php?rest_route=\/wp\/v2\/pages\/40\/revisions"}],"predecessor-version":[{"id":169,"href":"https:\/\/baruchgroup.cl\/index.php?rest_route=\/wp\/v2\/pages\/40\/revisions\/169"}],"wp:featuredmedia":[{"embeddable":true,"href":"https:\/\/baruchgroup.cl\/index.php?rest_route=\/wp\/v2\/media\/46"}],"wp:attachment":[{"href":"https:\/\/baruchgroup.cl\/index.php?rest_route=%2Fwp%2Fv2%2Fmedia&parent=40"}],"curies":[{"name":"wp","href":"https:\/\/api.w.org\/{rel}","templated":true}]}}